{"id":23,"date":"2020-01-06T12:40:32","date_gmt":"2020-01-06T12:40:32","guid":{"rendered":"https:\/\/www.gab.com.tr\/?page_id=23"},"modified":"2024-08-21T10:56:33","modified_gmt":"2024-08-21T10:56:33","slug":"contact","status":"publish","type":"page","link":"https:\/\/www.gab.com.tr\/?page_id=23","title":{"rendered":""},"content":{"rendered":"\n<p><strong>GAB Office<\/strong> @ <strong>Istanbul-Turkey<\/strong><\/p>\n\n\n\n<iframe src=\"https:\/\/www.google.com\/maps\/embed?pb=!1m18!1m12!1m3!1d3009.8205211147288!2d28.971655776425823!3d41.02918241813691!2m3!1f0!2f0!3f0!3m2!1i1024!2i768!4f13.1!3m3!1m2!1s0x14cab9e12bc12b8d%3A0xa8f86db9c59d83d8!2sGAB%20Mimarl%C4%B1k!5e0!3m2!1sen!2str!4v1723207591755!5m2!1sen!2str\" width=\"940\" height=\"450\" style=\"border:0;\" allowfullscreen=\"\" loading=\"lazy\" referrerpolicy=\"no-referrer-when-downgrade\"><\/iframe>\n\n\n\n<p><\/p>\n\n\n\n<p><\/p>\n\n\n\n<p>Asmal\u0131 Mescit Mahallesi, Sofyal\u0131 Sokak, Papko Binas\u0131, No:22, Kat:3, D:3, Beyo\u011flu \u0130stanbul<\/p>\n\n\n\n<p>+90 212 243 03 07<\/p>\n\n\n\n<p><strong>GAB Office @  Stuttgart-Germany<\/strong><\/p>\n\n\n\n<iframe src=\"https:\/\/www.google.com\/maps\/embed?pb=!1m18!1m12!1m3!1d2629.4146390876776!2d9.15195269175736!3d48.77397383270482!2m3!1f0!2f0!3f0!3m2!1i1024!2i768!4f13.1!3m3!1m2!1s0x4799db41f009619d%3A0xd060819f5672bf75!2sElisabethenstra%C3%9Fe%2C%20Stuttgart-West%2C%20Germany!5e0!3m2!1sen!2str!4v1723207643597!5m2!1sen!2str\" width=\"940\" height=\"450\" style=\"border:0;\" allowfullscreen=\"\" loading=\"lazy\" referrerpolicy=\"no-referrer-when-downgrade\"><\/iframe>\n\n\n\n<p><\/p>\n\n\n\n<p>Elisabethenstra\u00dfe 4470197 Stuttgart &#8211; Germany<\/p>\n\n\n\n<p><\/p>\n\n\n\n<figure class=\"wp-block-image size-large is-resized\"><img loading=\"lazy\" decoding=\"async\" src=\"https:\/\/www.gab.com.tr\/wp-content\/uploads\/2024\/08\/IDA-LOGO_1_C-1024x602.png\" alt=\"\" class=\"wp-image-1474\" width=\"170\" height=\"101\" srcset=\"https:\/\/www.gab.com.tr\/wp-content\/uploads\/2024\/08\/IDA-LOGO_1_C-1024x602.png 1024w, https:\/\/www.gab.com.tr\/wp-content\/uploads\/2024\/08\/IDA-LOGO_1_C-300x176.png 300w, https:\/\/www.gab.com.tr\/wp-content\/uploads\/2024\/08\/IDA-LOGO_1_C-768x452.png 768w, https:\/\/www.gab.com.tr\/wp-content\/uploads\/2024\/08\/IDA-LOGO_1_C-500x294.png 500w, https:\/\/www.gab.com.tr\/wp-content\/uploads\/2024\/08\/IDA-LOGO_1_C-800x471.png 800w, https:\/\/www.gab.com.tr\/wp-content\/uploads\/2024\/08\/IDA-LOGO_1_C-1280x753.png 1280w, https:\/\/www.gab.com.tr\/wp-content\/uploads\/2024\/08\/IDA-LOGO_1_C.png 1603w\" sizes=\"auto, (max-width: 170px) 100vw, 170px\" \/><\/figure>\n\n\n\n<p> <strong>IDA Office @  Bucharest-Romania<\/strong><\/p>\n\n\n\n<iframe src=\"https:\/\/www.google.com\/maps\/embed?pb=!1m18!1m12!1m3!1d1423.0812446004284!2d26.077653915015954!3d44.49133725090533!2m3!1f0!2f0!3f0!3m2!1i1024!2i768!4f13.1!3m3!1m2!1s0x40b202577785dc05%3A0xa1188ec82a90755d!2sBaneasa%20Business%20Center!5e0!3m2!1sen!2str!4v1723207541610!5m2!1sen!2str\" width=\"940\" height=\"450\" style=\"border:0;\" allowfullscreen=\"\" loading=\"lazy\" referrerpolicy=\"no-referrer-when-downgrade\"><\/iframe>\n\n\n\n<p><\/p>\n\n\n\n<p>B\u0103neasa Business Center \/ \u015eoseaua Bucure\u015fti-Ploie\u015fti Nr. 19-21 Biroul Nr. H5 Etaj 6 Sectorul 1\/ Bucharest-Romania <\/p>\n\n\n\n<p>+40 729 922 369<\/p>\n\n\n\n<p><strong>Contact Form<\/strong><\/p>\n\n\n\n<p><\/p>\n\n\n\n<p>For any further information or job\/internship applications please use the contact form below.<\/p>\n","protected":false},"excerpt":{"rendered":"<p>GAB Office @ Istanbul-Turkey Asmal\u0131 Mescit Mahallesi, Sofyal\u0131 Sokak, Papko Binas\u0131, No:22, Kat:3, D:3, Beyo\u011flu \u0130stanbul +90 212 243 03 07 GAB Office @ Stuttgart-Germany Elisabethenstra\u00dfe 4470197 Stuttgart &#8211; Germany IDA Office @ Bucharest-Romania B\u0103neasa Business Center \/ \u015eoseaua Bucure\u015fti-Ploie\u015fti Nr. 19-21 Biroul Nr. H5 Etaj 6 Sectorul 1\/ Bucharest-Romania +40 729 922 369 Contact Form For any further information or job\/internship applications please use the contact form below.<\/p>\n","protected":false},"author":1,"featured_media":0,"parent":0,"menu_order":0,"comment_status":"closed","ping_status":"closed","template":"","meta":{"_vp_format_video_url":"","_vp_image_focal_point":[],"footnotes":""},"class_list":["post-23","page","type-page","status-publish","hentry"],"_links":{"self":[{"href":"https:\/\/www.gab.com.tr\/index.php?rest_route=\/wp\/v2\/pages\/23","targetHints":{"allow":["GET"]}}],"collection":[{"href":"https:\/\/www.gab.com.tr\/index.php?rest_route=\/wp\/v2\/pages"}],"about":[{"href":"https:\/\/www.gab.com.tr\/index.php?rest_route=\/wp\/v2\/types\/page"}],"author":[{"embeddable":true,"href":"https:\/\/www.gab.com.tr\/index.php?rest_route=\/wp\/v2\/users\/1"}],"replies":[{"embeddable":true,"href":"https:\/\/www.gab.com.tr\/index.php?rest_route=%2Fwp%2Fv2%2Fcomments&post=23"}],"version-history":[{"count":26,"href":"https:\/\/www.gab.com.tr\/index.php?rest_route=\/wp\/v2\/pages\/23\/revisions"}],"predecessor-version":[{"id":1480,"href":"https:\/\/www.gab.com.tr\/index.php?rest_route=\/wp\/v2\/pages\/23\/revisions\/1480"}],"wp:attachment":[{"href":"https:\/\/www.gab.com.tr\/index.php?rest_route=%2Fwp%2Fv2%2Fmedia&parent=23"}],"curies":[{"name":"wp","href":"https:\/\/api.w.org\/{rel}","templated":true}]}}